{"id":1118,"date":"2016-01-27T09:39:54","date_gmt":"2016-01-27T09:39:54","guid":{"rendered":"http:\/\/avadafreelance.wpengine.com\/?page_id=7"},"modified":"2022-11-29T16:24:44","modified_gmt":"2022-11-29T15:24:44","slug":"impressum","status":"publish","type":"page","link":"https:\/\/www.helixpert.de\/index.php\/impressum\/","title":{"rendered":"Impressum"},"content":{"rendered":"<p><div class=\"fusion-fullwidth fullwidth-box fusion-builder-row-1 fusion-flex-container nonhundred-percent-fullwidth non-hundred-percent-height-scrolling\" style=\"background-color: var(--awb-color7);background-position: left top;background-repeat: no-repeat;border-width: 0px 0px 0px 0px;border-color:rgba(255,255,255,0);border-style:solid;\" ><div class=\"fusion-builder-row fusion-row fusion-flex-align-items-flex-start\" style=\"max-width:1216.8px;margin-left: calc(-4% \/ 2 );margin-right: calc(-4% \/ 2 );\"><div class=\"fusion-layout-column fusion_builder_column fusion-builder-column-0 fusion_builder_column_1_2 1_2 fusion-flex-column\"><div class=\"fusion-column-wrapper fusion-flex-justify-content-flex-start fusion-content-layout-column\" style=\"background-position:left top;background-blend-mode: overlay;background-repeat:no-repeat;-webkit-background-size:cover;-moz-background-size:cover;-o-background-size:cover;background-size:cover;padding: 0px 0px 0px 0px;\"><div class=\"fusion-text fusion-text-1\" style=\"font-size:18px;color:var(--awb-color1);font-family:-apple-system, BlinkMacSystemFont, &#039;Segoe UI&#039;, Roboto, Oxygen-Sans, Ubuntu, Cantarell, &#039;Helvetica Neue&#039; ,sans-serif;font-weight:400;\"><p>HeliXpert ist der Handelsname von<\/p>\n<p>Marco Niles<br \/>\nFontanestr.10<\/p>\n<p>53757 Sankt Augustin<br \/>\nUST.IDENT-NR.: DE164203186<\/p>\n<\/div><ul class=\"fusion-checklist fusion-checklist-1\" style=\"font-size:18px;line-height:30.6px;\"><li style=\"background-color:rgba(255,255,255,0);\" class=\"fusion-li-item\"><span style=\"height:30.6px;width:30.6px;margin-right:12.6px;\" class=\"icon-wrapper circle-no\"><i class=\"fusion-li-icon fa-phone fas\" style=\"color:var(--awb-custom_color_1);\" aria-hidden=\"true\"><\/i><\/span><div class=\"fusion-li-item-content\" style=\"margin-left:43.2px;color:var(--awb-color1);\">\n<p>+491578\/0588157<\/p>\n<\/div><\/li><li style=\"background-color:rgba(255,255,255,0);\" class=\"fusion-li-item\"><span style=\"height:30.6px;width:30.6px;margin-right:12.6px;\" class=\"icon-wrapper circle-no\"><i class=\"fusion-li-icon fa-envelope-open fas\" style=\"color:var(--awb-custom_color_1);\" aria-hidden=\"true\"><\/i><\/span><div class=\"fusion-li-item-content\" style=\"margin-left:43.2px;color:var(--awb-color1);\">\n<p>info@helixpert.de<\/p>\n<\/div><\/li><\/ul><\/div><style type=\"text\/css\">.fusion-body .fusion-builder-column-0{width:50% !important;margin-top : 60px;margin-bottom : 10px;}.fusion-builder-column-0 > .fusion-column-wrapper {padding-top : 0px !important;padding-right : 0px !important;margin-right : 4.8%;padding-bottom : 0px !important;padding-left : 0px !important;margin-left : 3.84%;}@media only screen and (max-width:800px) {.fusion-body .fusion-builder-column-0{width:100% !important;}.fusion-builder-column-0 > .fusion-column-wrapper {margin-right : 1.92%;margin-left : 1.92%;}}@media only screen and (max-width:640px) {.fusion-body .fusion-builder-column-0{width:100% !important;}.fusion-builder-column-0 > .fusion-column-wrapper {margin-right : 1.92%;margin-left : 1.92%;}}<\/style><\/div><div class=\"fusion-layout-column fusion_builder_column fusion-builder-column-1 fusion_builder_column_1_2 1_2 fusion-flex-column\"><div class=\"fusion-column-wrapper fusion-flex-justify-content-flex-start fusion-content-layout-column\" style=\"background-position:left top;background-blend-mode: overlay;background-repeat:no-repeat;-webkit-background-size:cover;-moz-background-size:cover;-o-background-size:cover;background-size:cover;padding: 0px 0px 0px 0px;\"><div ><span class=\" fusion-imageframe imageframe-none imageframe-1 hover-type-none\"><img decoding=\"async\" width=\"1024\" height=\"768\" title=\"helicopter sunset\" src=\"https:\/\/www.helixpert.de\/wp-content\/uploads\/AdobeStock_1454463-scaled.jpeg\" data-orig-src=\"https:\/\/www.helixpert.de\/wp-content\/uploads\/AdobeStock_1454463-1024x768.jpeg\" alt class=\"lazyload img-responsive wp-image-1263\" srcset=\"data:image\/svg+xml,%3Csvg%20xmlns%3D%27http%3A%2F%2Fwww.w3.org%2F2000%2Fsvg%27%20width%3D%272560%27%20height%3D%271920%27%20viewBox%3D%270%200%202560%201920%27%3E%3Crect%20width%3D%272560%27%20height%3D%271920%27%20fill-opacity%3D%220%22%2F%3E%3C%2Fsvg%3E\" data-srcset=\"https:\/\/www.helixpert.de\/wp-content\/uploads\/AdobeStock_1454463-200x150.jpeg 200w, https:\/\/www.helixpert.de\/wp-content\/uploads\/AdobeStock_1454463-400x300.jpeg 400w, https:\/\/www.helixpert.de\/wp-content\/uploads\/AdobeStock_1454463-600x450.jpeg 600w, https:\/\/www.helixpert.de\/wp-content\/uploads\/AdobeStock_1454463-800x600.jpeg 800w, https:\/\/www.helixpert.de\/wp-content\/uploads\/AdobeStock_1454463-1200x900.jpeg 1200w\" data-sizes=\"auto\" data-orig-sizes=\"(max-width: 800px) 100vw, (max-width: 640px) 100vw, 600px\" \/><\/span><\/div><\/div><style type=\"text\/css\">.fusion-body .fusion-builder-column-1{width:50% !important;margin-top : 60px;margin-bottom : 10px;}.fusion-builder-column-1 > .fusion-column-wrapper {padding-top : 0px !important;padding-right : 0px !important;margin-right : 3.84%;padding-bottom : 0px !important;padding-left : 0px !important;margin-left : 4.8%;}@media only screen and (max-width:800px) {.fusion-body .fusion-builder-column-1{width:100% !important;}.fusion-builder-column-1 > .fusion-column-wrapper {margin-right : 1.92%;margin-left : 1.92%;}}@media only screen and (max-width:640px) {.fusion-body .fusion-builder-column-1{width:100% !important;}.fusion-builder-column-1 > .fusion-column-wrapper {margin-right : 1.92%;margin-left : 1.92%;}}<\/style><\/div><\/div><style type=\"text\/css\">.fusion-body .fusion-flex-container.fusion-builder-row-1{ padding-top : 0px;margin-top : 0px;padding-right : 0px;padding-bottom : 3%;margin-bottom : 0px;padding-left : 0px;}<\/style><\/div><div class=\"fusion-fullwidth fullwidth-box fusion-builder-row-2 fusion-flex-container has-pattern-background has-mask-background nonhundred-percent-fullwidth non-hundred-percent-height-scrolling\" style=\"background-color: var(--awb-color7);background-position: center center;background-repeat: no-repeat;border-width: 0px 0px 0px 0px;border-color:rgba(255,255,255,0);border-style:solid;\" ><div class=\"fusion-builder-row fusion-row fusion-flex-align-items-flex-start\" style=\"max-width:1216.8px;margin-left: calc(-4% \/ 2 );margin-right: calc(-4% \/ 2 );\"><div class=\"fusion-layout-column fusion_builder_column fusion-builder-column-2 fusion_builder_column_1_1 1_1 fusion-flex-column\"><div class=\"fusion-column-wrapper fusion-flex-justify-content-flex-start fusion-content-layout-column\" style=\"background-position:left top;background-repeat:no-repeat;-webkit-background-size:cover;-moz-background-size:cover;-o-background-size:cover;background-size:cover;padding: 0px 0px 0px 0px;\"><div class=\"fusion-text fusion-text-2\" style=\"font-size:18px;color:var(--awb-color1);font-family:-apple-system, BlinkMacSystemFont, &#x27;Segoe UI&#x27;, Roboto, Oxygen-Sans, Ubuntu, Cantarell, &#x27;Helvetica Neue&#x27; ,sans-serif;font-weight:400;\"><p>Diese Informationen enthalten die gesetzlich vorgesehene Anbieterkennzeichnung (\u00a76 MDStV), sowie weitere wichtige rechtliche Hinweise. Anbieter der Internetseiten https:\/\/www.helixpert.de ist Marco Niles.<\/p>\n<p>Verantwortlich f\u00fcr den Inhalt:<br \/>Marco Niles<\/p>\n<p><strong>Copyright<\/strong><br \/>Inhalt und Struktur der gaea.aero \u2013 Webseiten sind urheberrechtlich gesch\u00fctzt. Die Vervielf\u00e4ltigung von Informationen oder Daten, insbesondere die Verwendung von Texten, Textteilen oder Bildmaterial bedarf der vorherigen Zustimmung!<\/p>\n<p><strong>Ablehnung der Teilnahme am Streitbeilegungsverfahren:<\/strong><br \/>Marco Niles ist weder verpflichtet, noch dazu bereit, an Streitbeilegungsverfahren vor einer Verbraucherschlichtungsstelle teilzunehmen.<\/p>\n<p><strong>Bildquellen<\/strong>:<br \/>Wir verwenden Bilder folgender Herkunft: Marco Niles, Adobe Stock<\/p>\n<p><strong>Auswertung des Nutzerverhaltens: Webtracking-System Matomo<\/strong><br \/>Zur bedarfsgerechten Gestaltung unseres Internetauftritts verwenden wir das Webanalyse-Tool Matomo, mit dem wir das Nutzerverhalten auswerten.<br \/>Programme zur Auswertung des Nutzerverhaltens werden nur in anonymisierter Form eingesetzt. Ihre IP-Adresse wird daf\u00fcr zun\u00e4chst anonymisiert und erst danach auf anonymisierter Basis ausgewertet. Sie erm\u00f6glichen dem Betreiber der Webseiten, verschiedene statistische Daten detailliert zu erfassen und zu analysieren. Nach der Auswertung werden die erhobenen Rohdaten sp\u00e4testens nach sechs Monaten gel\u00f6scht. Die Auswertung erfolgt mit Matomo. Diese Funktion kann durch die Einstellung Ihres Internetbrowsers von Ihnen abgeschaltet werden.<\/p>\n<p><strong>1. Inhalt des Onlineangebotes<\/strong><br \/>Die Autoren \u00fcbernehmen keinerlei Gew\u00e4hr f\u00fcr die Aktualit\u00e4t, Korrektheit, Vollst\u00e4ndigkeit oder Qualit\u00e4t der bereitgestellten Informationen. Haftungsanspr\u00fcche gegen die Autoren, welche sich auf Sch\u00e4den materieller oder ideeller Art beziehen, die durch die Nutzung oder Nichtnutzung der dargebotenen Informationen bzw. durch die Nutzung fehlerhafter und unvollst\u00e4ndiger Informationen verursacht wurden sind grunds\u00e4tzlich ausgeschlossen, sofern seitens der Autoren kein nachweislich vors\u00e4tzliches oder grob fahrl\u00e4ssiges Verschulden vorliegt. Alle Angebote sind freibleibend und unverbindlich. Die Autoren behalten es sich ausdr\u00fccklich vor, Teile der Seiten oder das gesamte Angebot ohne gesonderte Ank\u00fcndigung zu ver\u00e4ndern, zu erg\u00e4nzen, zu l\u00f6schen oder die Ver\u00f6ffentlichung zeitweise oder endg\u00fcltig einzustellen.<\/p>\n<p><strong>2. Verweise und Links<\/strong><br \/>Bei direkten oder indirekten Verweisen auf fremde Internetseiten (\u201dLinks\u201d), die au\u00dferhalb des Verantwortungsbereiches der Autoren liegen, w\u00fcrde eine Haftungsverpflichtung ausschlie\u00dflich in dem Fall in Kraft treten, in dem die Autoren von den Inhalten Kenntnis haben und es ihnen technisch m\u00f6glich und zumutbar w\u00e4re, die Nutzung im Falle rechtswidriger Inhalte zu verhindern. Die Autoren erkl\u00e4ren daher ausdr\u00fccklich, dass zum Zeitpunkt der Linksetzung die entsprechenden verlinkten Seiten frei von illegalen Inhalten waren. Die Autoren haben keinerlei Einfluss auf die aktuelle und zuk\u00fcnftige Gestaltung und auf die Inhalte der gelinkten\/verkn\u00fcpften Seiten. Deshalb distanzieren sie sich hiermit ausdr\u00fccklich von allen Inhalten aller gelinkten\/verkn\u00fcpften Seiten, die nach der Linksetzung ver\u00e4ndert wurden. Diese Feststellung gilt f\u00fcr alle innerhalb des eigenen Internetangebotes gesetzten Links und Verweise sowie f\u00fcr Fremdeintr\u00e4ge in von den Autoren eingerichteten G\u00e4steb\u00fcchern, Diskussionsforen und Mailinglisten. F\u00fcr illegale, fehlerhafte oder unvollst\u00e4ndige Inhalte und insbesondere f\u00fcr Sch\u00e4den, die aus der Nutzung oder Nichtnutzung solcherart dargebotener Informationen entstehen, haftet allein der Anbieter der Seite, auf welche verwiesen wurde, nicht derjenige, der \u00fcber Links auf die jeweilige Ver\u00f6ffentlichung lediglich verweist.<\/p>\n<p><strong>3. Urheber- und Kennzeichenrecht<\/strong><br \/>Die Autoren sind bestrebt, in allen Publikationen die Urheberrechte der verwendeten Grafiken, Tondokumente, Videosequenzen und Texte zu beachten, von ihnen selbst erstellte Grafiken, Tondokumente, Videosequenzen und Texte zu nutzen oder auf lizenzfreie Grafiken, Tondokumente, Videosequenzen und Texte zur\u00fcckzugreifen. Alle innerhalb des Internetangebotes genannten und ggf. durch Dritte gesch\u00fctzten Marken- und Warenzeichen unterliegen uneingeschr\u00e4nkt den Bestimmungen des jeweils g\u00fcltigen Kennzeichenrechts und den Besitzrechten der jeweiligen eingetragenen Eigent\u00fcmer. Allein aufgrund der blo\u00dfen Nennung ist nicht der Schlu\u00df zu ziehen, dass Markenzeichen nicht durch Rechte Dritter gesch\u00fctzt sind! Das Copyright f\u00fcr ver\u00f6ffentlichte, von den Autoren selbst erstellte Objekte bleibt allein bei den Autoren der Seiten. Eine Vervielf\u00e4ltigung oder Verwendung solcher Grafiken, Tondokumente, Videosequenzen und Texte in anderen elektronischen oder gedruckten Publikationen ist ohne ausdr\u00fcckliche Zustimmung der Autoren nicht gestattet.<\/p>\n<p><strong>4. Datenschutz<\/strong><br \/>Sofern innerhalb des Internetangebotes die M\u00f6glichkeit zur Eingabe pers\u00f6nlicher oder gesch\u00e4ftlicher Daten (Emailadressen, Namen, Anschriften) besteht, so erfolgt die Preisgabe dieser Daten seitens des Nutzers auf ausdr\u00fccklich freiwilliger Basis. Die Inanspruchnahme und Bezahlung aller angebotenen Dienste ist \u2013 soweit technisch m\u00f6glich und zumutbar \u2013 auch ohne Angabe solcher Daten bzw. unter Angabe anonymisierter Daten oder eines Pseudonyms gestattet. Die detaillierte Datenschutzerkl\u00e4rung finden Sie hier.<\/p>\n<p><strong>5. Rechtswirksamkeit dieses Haftungsausschlusses<\/strong><br \/>Dieser Haftungsausschluss ist als Teil des Internetangebotes zu betrachten, von dem aus auf diese Seite verwiesen wurde. Sofern Teile oder einzelne Formulierungen dieses Textes der geltenden Rechtslage nicht, nicht mehr oder nicht vollst\u00e4ndig entsprechen sollten, bleiben die \u00fcbrigen Teile des Dokumentes in ihrem Inhalt und ihrer G\u00fcltigkeit davon unber\u00fchrt.<\/p>\n<p><strong>6. Keine Abmahnung ohne vorherigen Kontakt!<\/strong><br \/>Sollte irgendwelcher Inhalt oder die designtechnische Gestaltung einzelner Seiten oder Teile dieses Onlineportals fremde Rechte Dritter oder gesetzliche Bestimmungen verletzen oder anderweitig in irgendeiner Form wettbewerbsrechtliche Probleme hervorbringen, so bitten wir unter Berufung auf \u00a7 8 Abs. 4 UWG, um eine angemessene, ausreichend erl\u00e4uternde und schnelle Nachricht ohne Kostennote.<br \/>Wir garantieren, dass die zu Recht beanstandeten Passagen oder Teile dieser Webseiten in angemessener Frist entfernt bzw. den rechtlichen Vorgaben umf\u00e4nglich angepasst werden, ohne dass von Ihrer Seite die Einschaltung eines Rechtsbeistandes erforderlich ist.<br \/>Die Einschaltung eines Anwaltes, zur f\u00fcr den Diensteanbieter kostenpflichtigen Abmahnung, entspricht nicht dessen wirklichen oder mutma\u00dflichen Willen und w\u00fcrde damit einen Verstoss gegen \u00a7 13 Abs. 5 UWG, wegen der Verfolgung sachfremder Ziele als beherrschendes Motiv der Verfahrenseinleitung, insbesondere einer Kostenerzielungsabsicht als eigentliche Triebfeder, sowie einen Versto\u00df gegen die Schadensminderungspflicht darstellen.<\/p>\n<\/div><\/div><style type=\"text\/css\">.fusion-body .fusion-builder-column-2{width:100% !important;margin-top : 0px;margin-bottom : 0px;}.fusion-builder-column-2 > .fusion-column-wrapper {padding-top : 0px !important;padding-right : 0px !important;margin-right : 1.92%;padding-bottom : 0px !important;padding-left : 0px !important;margin-left : 1.92%;}@media only screen and (max-width:800px) {.fusion-body .fusion-builder-column-2{width:100% !important;order : 0;}.fusion-builder-column-2 > .fusion-column-wrapper {margin-right : 1.92%;margin-left : 1.92%;}}@media only screen and (max-width:640px) {.fusion-body .fusion-builder-column-2{width:100% !important;order : 0;}.fusion-builder-column-2 > .fusion-column-wrapper {margin-right : 1.92%;margin-left : 1.92%;}}<\/style><\/div><\/div><style type=\"text\/css\">.fusion-body .fusion-flex-container.fusion-builder-row-2{ padding-top : 0px;margin-top : 0px;padding-right : 0px;padding-bottom : 0px;margin-bottom : 0px;padding-left : 0px;}<\/style><\/div><\/p>\n","protected":false},"excerpt":{"rendered":"","protected":false},"author":1,"featured_media":0,"parent":0,"menu_order":0,"comment_status":"closed","ping_status":"closed","template":"100-width.php","meta":{"footnotes":""},"class_list":["post-1118","page","type-page","status-publish","hentry"],"_links":{"self":[{"href":"https:\/\/www.helixpert.de\/index.php\/wp-json\/wp\/v2\/pages\/1118","targetHints":{"allow":["GET"]}}],"collection":[{"href":"https:\/\/www.helixpert.de\/index.php\/wp-json\/wp\/v2\/pages"}],"about":[{"href":"https:\/\/www.helixpert.de\/index.php\/wp-json\/wp\/v2\/types\/page"}],"author":[{"embeddable":true,"href":"https:\/\/www.helixpert.de\/index.php\/wp-json\/wp\/v2\/users\/1"}],"replies":[{"embeddable":true,"href":"https:\/\/www.helixpert.de\/index.php\/wp-json\/wp\/v2\/comments?post=1118"}],"version-history":[{"count":9,"href":"https:\/\/www.helixpert.de\/index.php\/wp-json\/wp\/v2\/pages\/1118\/revisions"}],"predecessor-version":[{"id":1328,"href":"https:\/\/www.helixpert.de\/index.php\/wp-json\/wp\/v2\/pages\/1118\/revisions\/1328"}],"wp:attachment":[{"href":"https:\/\/www.helixpert.de\/index.php\/wp-json\/wp\/v2\/media?parent=1118"}],"curies":[{"name":"wp","href":"https:\/\/api.w.org\/{rel}","templated":true}]}}